{"id":89,"date":"2020-06-04T16:50:09","date_gmt":"2020-06-04T16:50:09","guid":{"rendered":"http:\/\/perfectbody.ro\/?page_id=89"},"modified":"2020-06-04T16:50:09","modified_gmt":"2020-06-04T16:50:09","slug":"drenajul-limfatic","status":"publish","type":"page","link":"https:\/\/perfectbody.ro\/index.php\/drenajul-limfatic\/","title":{"rendered":"Drenajul limfatic"},"content":{"rendered":"<p>Drenajul limfatic este recunoscut, \u00een prezent, ca una dintre terapiile corporale benefice, deoarece nu doar \u00eembun\u0103t\u0103\u021be\u0219te circula\u021bia limfatic\u0103 \u0219i sanguin\u0103, elimin\u00e2nd reziduurile metabolice, reduc\u00e2nd edemul \u0219i trat\u00e2nd sindromul picioarelor grele, dar ajut\u0103, \u00een acela\u0219i timp, \u0219i la men\u021binerea unei st\u0103ri generale de bine.<\/p>\n<ul>\n<li>Sus\u021bine procesul de sl\u0103bire \u0219i remodelare corporal\u0103<\/li>\n<li>Relaxeaz\u0103 \u0219i regenereaz\u0103 organismal<\/li>\n<li>F\u0103r\u0103 perioad\u0103 de recuperare<\/li>\n<li>Rezultate rapide \u0219i vizibile<\/li>\n<\/ul>\n<p><strong>Recomandat pentru: bra\u021be, picioare, stare general\u0103 de s\u0103n\u0103tate.<\/strong><\/p>\n<p>tratamentul \u00a0de \u00a0drenaj limfatic este recomandat at\u00e2t de sine st\u0103t\u0103tor, dar \u0219i \u00een combina\u021bie cu tehnologiile \u00a0BTL Exilis Elite \u0219i tunelul cu infrarosii, \u00eembun\u0103t\u0103\u021bind rezultatele remarcabile ale acestora prin accelerarea procesului de eliminare a celulelor adipoase distruse \u0219i a altor reziduuri metabolice.<\/p>\n<p>Costumul special Velcro pe care \u00eel ve\u021bi purta pe durata tratamentului se umfl\u0103 \u0219i se dezumfl\u0103, pun\u00e2nd presiune \u0219i eliber\u00e2nd pielea \u0219i mu\u0219chii, stimul\u00e2nd fluxul limfatic, contribuind la evacuarea reziduurilor metabolice \u0219i \u00eent\u0103rind sistemul imunitar.<\/p>\n<p>Tratamentul \u00a0de drenaj limfatic combate celulita, detoxific\u0103 \u0219i regenereaz\u0103 organismul, relaxeaz\u0103 mu\u0219chii, sus\u021bin\u00e2nd remodelarea corporal\u0103 \u0219i terapiile pentru pierdere de volum. \u00cen cazul \u00een care suferi\u021bi de limfedem, compresia pneumatic\u0103 va ajuta la men\u021binerea fluxului corespunz\u0103tor de lichid limfatic, reduc\u00e2nd inflama\u021bia, cu efect vizibil, de multe ori, de pierdere \u00een centimetri imediat dup\u0103 administrarea tratamentului. Terapiile estetice prestabilite Lymphastim \u00eembun\u0103t\u0103\u021besc nivelul de oxigenare al s\u00e2ngelui, contribuind la rec\u0103p\u0103tarea unui aspect t\u00e2n\u0103r al pielii.<\/p>\n<p>\u00cen vederea \u00eembun\u0103t\u0103\u021birii rezultatelor drenajului limfatic \u00a0\u0219i a beneficiilor sale pentru starea de s\u0103n\u0103tate, respecta\u021bi recomand\u0103rile terapeu\u021bilor de la Perfect Body cu privire la nivelul de hidratare \u00eenainte, pe durata \u0219i dup\u0103 administrarea tratamentului.<\/p>\n<p>Drenajul limfatic este o solu\u021bie tehnologic\u0103 avansat\u0103 pentru \u00eembun\u0103t\u0103\u021birea fluxului limfatic \u0219i a celui sanguin, contribuind la eliminarea substan\u021belor reziduale \u0219i cu ameliorarea edemului, neuropatiei sau a sindromului picioarelor grele. Combinat cu alte tratamente din portofoliul \u00a0Perfect Body \u00a0accelereaz\u0103 efectul acestora, simultan cu auto-purificarea organismului.<\/p>\n<p><strong>Cum se efectueaz\u0103 tratamentul?<\/strong><\/p>\n<p>Ve\u021bi purta un costum special, alc\u0103tuit dintr-o pereche de pantaloni \u0219i m\u00e2neci speciale. \u00cen timp ce v\u0103 afla\u021bi \u00een pozi\u021bie \u00eentins\u0103, confortabil, costumul Velcro se umfl\u0103 \u0219i se dezumfl\u0103, accentu\u00e2nd \u0219i eliber\u00e2nd presiunea la nivelul pielii \u0219i mu\u0219chilor. Cu ajutorul acestor mi\u0219c\u0103ri se stimuleaz\u0103 fluxul limfatic de la nivelul re\u021belei limfatice periferice \u0219i profunde. Procedura contribuie la eliminarea substan\u021belor metabolice reziduale din spa\u021biile intersti\u021biale, accentu\u00e2nd r\u0103spunsul sistemului imunitar.<\/p>\n<p><strong>Ce probleme rezolv\u0103?<\/strong><\/p>\n<p>\u00cen protocoalelor de tratament Perfect Body, drenajul limfatic \u00a0se aplic\u0103, de obicei, \u00een combina\u021bie cu tratamentele BTL Exilis Elite \u0219i impachetari la tunelul cu infrarosu, \u00eembun\u0103t\u0103\u021bind efectul acestora prin accelerarea elimin\u0103rii celulelor adipoase distruse. Drenaul limfatic \u00a0este recunoscut, de asemenea, pentru ameliorarea mai multor afec\u021biuni, precum: edem, sindrom al picioarelor grele, dureri la nivelul \u00eentregului corp (neuropatie, neuralgie), angiopatie diabetic\u0103, acrocianoz\u0103, artroz\u0103 \u0219i gut\u0103.<\/p>\n<p>Drenajul limfatic este o procedur\u0103 eficient\u0103 de recuperare post-liposuc\u021bie, care contribuie la recuperarea masei musculare \u0219i la rec\u0103p\u0103tarea elasticit\u0103\u021bii.<\/p>\n<p><strong>Care sunt rezultatele pe care le putem observa?<\/strong><\/p>\n<p>Drenajul limfatic \u00eembun\u0103t\u0103\u021be\u0219te fluxul sanguin \u0219i cel limfatic, sus\u021bin\u00e2nd procesul de pierdere \u00een greutate. Efectele generale care pot fi observate sunt fermitatea pielii \u0219i a corpului, precum \u0219i o starea general\u0103 de bine.<\/p>\n<p><strong>C\u00e2te proceduri de tratament sunt necesare?<\/strong><\/p>\n<p>Num\u0103rul sesiunilor de tratament variaz\u0103, \u00een func\u021bie de problemele vizate. Se recomand\u0103, de obicei, un num\u0103r minim de 4-6 sesiuni, av\u00e2nd \u00een vedere c\u0103 aceasta terapie se aplic\u0103, de cele mai multe ori, dup\u0103 fiecare dintre celelalte tratamente corporale<\/p>\n<p><strong>Procedura este una dureroas\u0103?<\/strong><\/p>\n<p>Drenajul limfatic este o procedur\u0103 non-invaziv\u0103, f\u0103r\u0103 durere. Pe durata tratamentului ve\u021bi purta un costum Velcro, care se umfl\u0103 \u0219i se dezumfl\u0103, gener\u00e2nd o accelerare \u0219i eliberare a presiunii. Pe durata procedurii de tratament\u00a0 ve\u021bi sim\u021bi doar o senza\u021bie de presiune u\u0219oar\u0103, relaxanta.<\/p>\n","protected":false},"excerpt":{"rendered":"<p>Drenajul limfatic este recunoscut, \u00een prezent, ca una dintre terapiile corporale benefice, deoarece nu doar \u00eembun\u0103t\u0103\u021be\u0219te circula\u021bia limfatic\u0103 \u0219i sanguin\u0103, elimin\u00e2nd reziduurile metabolice, reduc\u00e2nd edemul \u0219i<span class=\"excerpt-hellip\"> [\u2026]<\/span><\/p>\n","protected":false},"author":1,"featured_media":0,"parent":0,"menu_order":0,"comment_status":"closed","ping_status":"closed","template":"","meta":[],"_links":{"self":[{"href":"https:\/\/perfectbody.ro\/index.php\/wp-json\/wp\/v2\/pages\/89"}],"collection":[{"href":"https:\/\/perfectbody.ro\/index.php\/wp-json\/wp\/v2\/pages"}],"about":[{"href":"https:\/\/perfectbody.ro\/index.php\/wp-json\/wp\/v2\/types\/page"}],"author":[{"embeddable":true,"href":"https:\/\/perfectbody.ro\/index.php\/wp-json\/wp\/v2\/users\/1"}],"replies":[{"embeddable":true,"href":"https:\/\/perfectbody.ro\/index.php\/wp-json\/wp\/v2\/comments?post=89"}],"version-history":[{"count":1,"href":"https:\/\/perfectbody.ro\/index.php\/wp-json\/wp\/v2\/pages\/89\/revisions"}],"predecessor-version":[{"id":90,"href":"https:\/\/perfectbody.ro\/index.php\/wp-json\/wp\/v2\/pages\/89\/revisions\/90"}],"wp:attachment":[{"href":"https:\/\/perfectbody.ro\/index.php\/wp-json\/wp\/v2\/media?parent=89"}],"curies":[{"name":"wp","href":"https:\/\/api.w.org\/{rel}","templated":true}]}}