{"id":169,"date":"2020-06-22T18:37:47","date_gmt":"2020-06-22T18:37:47","guid":{"rendered":"https:\/\/perfectbody.ro\/?page_id=169"},"modified":"2020-06-22T18:37:47","modified_gmt":"2020-06-22T18:37:47","slug":"termeni-si-conditii","status":"publish","type":"page","link":"https:\/\/perfectbody.ro\/index.php\/termeni-si-conditii\/","title":{"rendered":"Termeni si conditii"},"content":{"rendered":"<p>Dac\u0103 utiliza\u0163i serviciile oferite de perfectbody.ro \u00een mod implicit, sunte\u0163i de acord cu termenii \u015fi condi\u0163iile de mai jos:<\/p>\n<div class=\"entry-content\">\n<p><strong>Termeni generali<\/strong><\/p>\n<p>Acest site (denumit generic SITE) este proprietatatea BELLE SILUETTE SRL. Accesarea acestui site ori a oric\u0103rei p\u0103r\u0163i din acest site presupune acordul tacit \u00een ce prive\u015fte termenii ce urmeaz\u0103. Acordul de utilizare \u00ee\u015fi produce efectele \u00eentre dumneavoastr\u0103 \u015fi BELLE SILUETTE SRL. Acceptarea se considera tacit\u0103 \u015fi f\u0103r\u0103 rezerve.<\/p>\n<p>BELLE SILUETTE SRL poate schimba con\u0163inutul site-ului la orice moment, poate aduce modific\u0103ri de structur\u0103, con\u0163inut \u015fi accesibilitate, poate sista furnizarea informa\u0163iilor pe site, f\u0103r\u0103 un acord prealabil \u015fi f\u0103r\u0103 vreo notificare c\u0103tre dumneavoastr\u0103 ori c\u0103tre ter\u0163e persoane.<\/p>\n<p>Continu\u00e2nd s\u0103 utiliza\u0163i site-ul presupune acordul dumneavoastr\u0103 tacit \u00een ceea ce prive\u015fte \u00een \u00eentregime la Termenii \u015fi condi\u0163iile prezentate \u00een cele ce urmeaz\u0103. Utilizarea presupune acceptarea regulilor BELLE SILUETTE SRL.<\/p>\n<p>BELLE SILUETTE SRL poate schimba, suspenda sau \u00eentrerupe, \u00een orice moment, f\u0103r\u0103 a anun\u0163a \u00een prealabil, site-ul. De asemenea, poate limita accesul la site ori la anumite p\u0103r\u0163i din site.<\/p>\n<p><strong>Con\u021binut<\/strong><\/p>\n<p>Con\u0163inutul site-ului este destinat uzului personal, f\u0103r\u0103 scop direct ori indirect comercial. Toate materialele publicate (incluz\u00e2nd, dar f\u0103r\u0103 a se limita la, articole, informa\u0163ii, fotografii, date, clipuri audio\/video \u2013 generic numite con\u0163inut) sunt protejate de c\u0103tre dispozi\u0163iile legale incidente<\/p>\n<p>Legea nr. 8\/1996, cu modific\u0103rile si complet\u0103rile ulterioare \u2013 privind dreptul de autor \u015fi drepturile conexe, Legea nr. 84\/1998 \u2013 privind m\u0103rcile \u015fi indica\u0163iile geografice \u015fi Legea nr. 129\/1992, republicat\u0103 \u2013 privind desenele \u015fi modelele industriale. Site-ul \u015fi Con\u0163inutul sunt protejate de c\u0103tre Legea drepturilor de autor din Rom\u00e2nia, precum \u015fi de dispozit\u0163iile privitoare la copyright aplicabile \u00een alte teritorii dec\u00e2t Rom\u00e2nia. Orice form\u0103 de copiere, stocare, modificare \u015fi\/sau transmitere a Con\u0163inutului este expres interzis\u0103, f\u0103r\u0103 acordul prealabil \u015fi scris al BELLE SILUETTE SRL.<\/p>\n<p><strong>Drepturi de autor<\/strong><\/p>\n<p>Toate drepturile sunt rezervate. Utilizatorii pot desc\u0103rca \u015fi tip\u0103ri con\u0163inut de pe acest site doar pentru uzul personal sau necomercial. Sunt interzise copierea, reproducerea, recompilarea, decompilarea, distribuirea, publicarea, afi\u015farea, modificarea, crearea de produse sau servicii complete derivate, precum \u015fi orice modalitate de exploatare a con\u0163inutului site-ului perfectbody.ro.<\/p>\n<p>Preluarea de informa\u0163ii de c\u0103tre alte site-uri web poate fi f\u0103cut\u0103 numai \u00een acord cu termenii agrea\u0163i de c\u0103tre Clubul Roman de Pres\u0103: \u201eConsiliul de Onoare consider\u0103 c\u0103 preluarea f\u0103r\u0103 cost a unor materiale de pres\u0103 se poate realiza doar \u00een limita a 500 de semne, dar f\u0103r\u0103 a dep\u0103\u015fi jumatate din articolul sau \u015ftirea \u00een cauz\u0103, asigurandu-se astfel at\u00e2t libera circula\u0163ie a informa\u0163iei, c\u00e2t \u015fi caracterul de \u00abrevist\u0103 a presei\u00bb sus\u0163inut de paginile de internet \u00een cauza. \u00cen mod obligatoriu, \u00een aceste cazuri, trebuie citat\u0103 sursa informa\u0163iei.<\/p>\n<p>Logo-ul perfectbody.ro si perfectbody sunt proprietatea BELLE SILUETTE SRL, niciuna dintre ele neput\u00e2nd fi utilizat\u0103 \/ copiat\u0103 f\u0103r\u0103 acordul scris al BELLE SILUETTE SRL.<\/p>\n<p><strong>R\u0103spunderi<\/strong><\/p>\n<p>Dumneavoastr\u0103 sunte\u0163i singurul responsabil at\u00e2t fa\u0163\u0103 de ter\u0163i, c\u00e2t \u015fi fa\u0163\u0103 de BELLE SILUETTE SRL \u00een legatur\u0103 cu accesarea, utilizarea sau exploatarea con\u0163inutului. BELLE SILUETTE SRL i\u015fi rezerv\u0103 dreptul de a modifica, \u015fterge orice mesaj postat pe site, intrepretat la discre\u0163ia BELLE SILUETTE SRL ca fiind abuziv, def\u0103im\u0103tor, obscen ori de natur\u0103 a aduce vreo atingere unui drept legal protejat.<\/p>\n<p>Utilizarea site-ului reprezint\u0103 faptul c\u0103 declara\u0163i \u015fi sunte\u0163i de acord cu publicarea de c\u0103tre BELLE SILUETTE SRL a unui con\u0163inut, stabilit pe baza unor criterii proprii, con\u0163inut ce poate fi interpretat ca fiind publicat, prezentat \u00eentr-o manier\u0103 care s\u0103 nu fie conform\u0103 cu dorin\u0163ele dumneavoastr\u0103. \u00centr-un astfel de caz, r\u0103spunderea BELLE SILUETTE SRL nu poate fi re\u0163inut\u0103.<\/p>\n<p><strong>Obliga\u021biile utilizatorilor la completarea formularelor de \u00eenscriere<\/strong><\/p>\n<p>Accesul la con\u0163inutul online al site-ului rperfectbody.ro este liber.<\/p>\n<p><strong>Toate datele pe care le furnizeaz\u0103 utilizatorul trebuie sa fie reale, acesta fiind responsabil pentru ele.<\/strong><\/p>\n<p><strong>Securitate<\/strong><\/p>\n<p>BELLE SILUETTE SRL adopt\u0103 toate m\u0103surile de securitate pentru a proteja informa\u0163iile personale ale utilizatorilor s\u0103i. Toate informa\u0163iile despre utilizatori sunt confiden\u0163iale. Serverele pe care sunt stocate informa\u0163iile personale de identificare a utilizatorilor sunt localizate \u00eentr-un loc securizat.<\/p>\n<p><strong>Modificarea termenilor \u0219i condi\u021biilor<\/strong><\/p>\n<p>Ne rezerv\u0103m dreptul, la discre\u0163ia noastr\u0103, s\u0103 actualiz\u0103m, schimb\u0103m sau s\u0103 \u00eenlocuim orice parte din ace\u015fti Termeni \u015fi Condi\u0163ii, public\u00e2nd pe canalele de comunicare disponibile inform\u0103ri despre actualiz\u0103rile \u015fi\/sau schimb\u0103rile aduse. Este responsabilitatea dumneavoastr\u0103 s\u0103 verifica\u0163i site-ul periodic pentru orice schimbare de politic\u0103. Continuarea utiliz\u0103rii site-ului, dupa publicarea inform\u0103rilor despre actualiz\u0103ri \u015fi\/sau schimb\u0103ri aduse Termenilor \u015fi Condi\u0163iilor, constituie acceptul dumneavoastr\u0103 pentru acestea.<\/p>\n<\/div>\n","protected":false},"excerpt":{"rendered":"<p>Dac\u0103 utiliza\u0163i serviciile oferite de perfectbody.ro \u00een mod implicit, sunte\u0163i de acord cu termenii \u015fi condi\u0163iile de mai jos: Termeni generali Acest site (denumit generic SITE)<span class=\"excerpt-hellip\"> [\u2026]<\/span><\/p>\n","protected":false},"author":1,"featured_media":0,"parent":0,"menu_order":0,"comment_status":"closed","ping_status":"closed","template":"","meta":[],"_links":{"self":[{"href":"https:\/\/perfectbody.ro\/index.php\/wp-json\/wp\/v2\/pages\/169"}],"collection":[{"href":"https:\/\/perfectbody.ro\/index.php\/wp-json\/wp\/v2\/pages"}],"about":[{"href":"https:\/\/perfectbody.ro\/index.php\/wp-json\/wp\/v2\/types\/page"}],"author":[{"embeddable":true,"href":"https:\/\/perfectbody.ro\/index.php\/wp-json\/wp\/v2\/users\/1"}],"replies":[{"embeddable":true,"href":"https:\/\/perfectbody.ro\/index.php\/wp-json\/wp\/v2\/comments?post=169"}],"version-history":[{"count":1,"href":"https:\/\/perfectbody.ro\/index.php\/wp-json\/wp\/v2\/pages\/169\/revisions"}],"predecessor-version":[{"id":170,"href":"https:\/\/perfectbody.ro\/index.php\/wp-json\/wp\/v2\/pages\/169\/revisions\/170"}],"wp:attachment":[{"href":"https:\/\/perfectbody.ro\/index.php\/wp-json\/wp\/v2\/media?parent=169"}],"curies":[{"name":"wp","href":"https:\/\/api.w.org\/{rel}","templated":true}]}}