{"id":165,"date":"2020-06-22T18:33:47","date_gmt":"2020-06-22T18:33:47","guid":{"rendered":"https:\/\/perfectbody.ro\/?page_id=165"},"modified":"2020-06-22T18:33:47","modified_gmt":"2020-06-22T18:33:47","slug":"conditii-de-confidentialitate","status":"publish","type":"page","link":"https:\/\/perfectbody.ro\/index.php\/conditii-de-confidentialitate\/","title":{"rendered":"Condi\u021bii de Confiden\u021bialitate"},"content":{"rendered":"<div class=\"entry-content\">\n<p><strong>Scopul folosirii datelor personale de c\u0103tre\u00a0 BELLE SILUETTE SRL<br \/>\n<\/strong><\/p>\n<p><strong>BELLE SILUETTE SRL<\/strong> colecteaz\u0103, \u00eenregistreaz\u0103, organizeaz\u0103, stocheaz\u0103 si utilizeaz\u0103 pentru a administra, men\u021bine, \u00eembun\u0103t\u0103\u021bi \u0219i ob\u021bine feedback cu privire la serviciile pe care le ofer\u0103, precum \u0219i pentru a preveni erori \u0219i scurgeri de informa\u021bii prin re\u021beaua IT proprie, \u00eenc\u0103lc\u0103ri ale legii sau termenilor contractuali.<\/p>\n<p><strong>Marketing<\/strong><\/p>\n<p>\u00cen cazul \u00een care ave\u021bi un contract cu <strong>BELLE SILUETTE SRL<\/strong> este posibil s\u0103 va contact\u0103m pentru a ob\u021bine feedback cu privire la serviciul contractat, astfel \u00eenc\u00e2t s\u0103 \u00eembun\u0103t\u0103\u021bim calitatea acestuia.<\/p>\n<p><strong>BELLE SILUETTE SRL<\/strong> colecteaz\u0103 \u0219i actualizeaz\u0103 informa\u021b\u00eei despre clien\u021bii serviciilor \u0219i utilizatorii site-urilor sale, precum \u0219i despre furnizorii cu care interac\u021bioneaz\u0103 \u00een mod regulat \u0219i poate ob\u021bine aceste informa\u021bii, fie direct de la dumneavoastr\u0103 sau de la ter\u021be persoane, fie automat, odat\u0103 cu folosirea serviciilor <strong>BELLE SILUETTE SRL<\/strong> prin intermediul cookie-urilor \u0219i prin rapoartele de trafic generate de c\u0103tre serverele care g\u0103zduiesc site-ul perfectbody.ro.<\/p>\n<p><strong>Drepturile utilizatorilor<\/strong><\/p>\n<p>\u00cen contextul prelucr\u0103rii datelor cu caracter personal, utilizatorii au urm\u0103toarele drepturi:<\/p>\n<p><strong>Dreptul de a fi informat:<\/strong><\/p>\n<p><strong>(1)<\/strong> \u00cen cazul \u00een care datele cu caracter personal sunt ob\u021binute direct de la persoana vizat\u0103, operatorul este obligat s\u0103 furnizeze persoanei vizate cel pu\u021b\u00een urm\u0103toarele informa\u021bii, cu excep\u021bia cazului \u00een care aceast\u0103 persoan\u0103 posed\u0103 deja informa\u021biile respective:<\/p>\n<ol>\n<li>identitatea operatorului \u0219i a reprezentantului acestuia, dac\u0103 este cazul;<\/li>\n<li>scopul \u00een care se face prelucrarea datelor;<\/li>\n<li>informa\u021bii suplimentare, precum: destinatarii sau categoriile de destinatari ai datelor; dac\u0103 furnizarea tuturor datelor cerute este obligatorie \u0219i consecin\u021bele refuzului de a le furniza; existen\u021ba drepturilor prev\u0103zute de prezen\u021ba lege pentru persoana vizat\u0103, \u00een special a dreptului de acces, de interven\u021bie asupra datelor \u0219i de opozi\u021bie, precum \u0219i condi\u021biile \u00een care pot fi exercitate;<\/li>\n<li>orice alte informa\u021bii a c\u0103ror furnizare este impus\u0103 prin dispozi\u021bie a autorit\u0103\u021bii de supraveghere, \u021bin\u00e2nd seama de specificul prelucr\u0103rii.<\/li>\n<\/ol>\n<p><strong>(2)<\/strong> \u00cen cazul \u00een care datele nu sunt ob\u021binute direct de la persoana vizat\u0103, operatorul este obligat ca, \u00een momentul colect\u0103rii datelor sau, dac\u0103 se inten\u021bioneaz\u0103 dezv\u0103luirea acestora c\u0103tre ter\u021bi, cel mai t\u00e2rziu p\u00e2n\u0103 \u00een momentul primei dezv\u0103luiri, s\u0103 furnizeze persoanei vizate cel pu\u021bin urm\u0103toarele informa\u021bii, cu excep\u021bia cazului \u00een care persoana vizat\u0103 posed\u0103 deja informa\u021biile respective:<\/p>\n<ol>\n<li>identitatea operatorului \u0219i a reprezentantului acestuia, dac\u0103 este cazul;<\/li>\n<li>scopul \u00een care se face prelucrarea datelor;<\/li>\n<li>informa\u021bii suplimentare, precum: categoriile de date vizate, destinatarii sau categoriile de destinatari ai datelor, existen\u021ba drepturilor prev\u0103zute de prezen\u021ba lege pentru persoan\u0103 vizat\u0103, \u00een special a dreptului de acces, de interven\u021bie asupra datelor \u0219i de opozi\u021bie, precum \u0219i condi\u021biile \u00een care pot fi exercitate;<\/li>\n<li>orice alte informa\u021bii a c\u0103ror furnizare este impus\u0103 prin dispozi\u021bie a autorit\u0103\u021bii de supraveghere, \u021b\u00een\u00e2nd seama de specificul prelucr\u0103rii.<\/li>\n<\/ol>\n<p><strong>(3)<\/strong> Prevederile alin. <u>(2)<\/u> nu se aplic\u0103 \u00een cazul \u00een care prelucrarea datelor se face \u00een scopuri statistice, de cercetare istoric\u0103 sau \u0219tiin\u021bific\u0103, ori \u00een orice alte situa\u021b\u00eei \u00een care furnizarea unor asemenea informa\u021b\u00eei se dovede\u0219te imposibil\u0103 sau ar implic\u0103 un efort dispropor\u021bionat fa\u021b\u0103 de interesul legitim care ar putea fi lezat, precum \u0219i \u00een situa\u021biile \u00een care \u00eenregistrarea sau dezv\u0103luirea datelor este expres prev\u0103zut\u0103 de lege.<\/p>\n<p><strong>Dreptul de acces la date<\/strong><\/p>\n<p><strong>(1)<\/strong> Orice persoan\u0103 vizat\u0103 are dreptul de a ob\u021bine de la operator, la cerere \u0219i \u00een mod gratuit pentru o solicitare pe an, confirmarea faptului c\u0103 datele care o privesc sunt sau nu sunt prelucrate de acesta. Operatorul este obligat, \u00een situa\u021bia \u00een care prelucreaz\u0103 date cu caracter personal care privesc solicitantul, s\u0103 comunice acestuia, \u00eempreun\u0103 cu confirmarea, cel pu\u021bin urm\u0103toarele:<\/p>\n<ol>\n<li>a) informa\u021bii referitoare la scopurile prelucr\u0103rii, categoriile de date avute \u00een vedere \u0219i destinatarii sau categoriile de destinatari c\u0103rora le sunt dezv\u0103luite datele;<\/li>\n<li>b) comunicarea \u00eentr-o form\u0103 inteligibil\u0103 a datelor care fac obiectul prelucr\u0103rii, precum \u0219i a oric\u0103rei informa\u021bii disponibile cu privire la originea datelor;<\/li>\n<li>c) informa\u021bii asupra principiilor de func\u021bionare a mecanismului prin care se efectueaz\u0103 orice prelucrare automat\u0103 a datelor care vizeaz\u0103 persoan\u0103 respectiv\u0103;<\/li>\n<li>d) informa\u021bii privind existen\u021ba dreptului de interven\u021bie asupra datelor \u0219i a dreptului de opozi\u021bie, precum \u0219i condi\u021biile \u00een care pot fi exercitate;<\/li>\n<li>e) informa\u021bii asupra posibilit\u0103\u021bii de a consulta registrul de eviden\u021b\u0103 a prelucr\u0103rilor de date cu caracter personal, de a \u00eenainta pl\u00e2ngere c\u0103tre autoritatea de supraveghere, precum \u0219i de a se adresa instan\u021bei pentru atacarea deciziilor operatorului, \u00een conformitate cu dispozi\u021biile prezen\u021bei legi.<\/li>\n<\/ol>\n<p><strong>(2)<\/strong> Persoan\u0103 vizat\u0103 poate solicit\u0103 de la operator informa\u021biile prev\u0103zute la alin. (1), printr-o cerere \u00eentocmit\u0103 \u00een form\u0103 scris\u0103, datat\u0103 \u0219i semnat\u0103. \u00cen cerere solicitantul poate arat\u0103 dac\u0103 dore\u0219te c\u0103 informa\u021biile s\u0103 \u00eei fie comunicate la o anumit\u0103 adres\u0103, care poate fi \u0219i de po\u0219t\u0103 electronic\u0103, sau printr-un serviciu de coresponden\u021b\u0103 care s\u0103 asigure c\u0103 predarea i se va face numai personal.<\/p>\n<p><strong>(3)<\/strong> Operatorul este obligat s\u0103 comunice informa\u021biile solicitate, \u00een termen de 15 zile de la dat\u0103 primirii cererii, cu respectarea eventualei op\u021biuni a solicitantului exprimate potrivit alin. <u>(2)<\/u>.<\/p>\n<p><strong>Dreptul de interven\u021bie asupra datelor<\/strong><\/p>\n<p><strong>(1)<\/strong> Orice persoan\u0103 vizat\u0103 are dreptul de a ob\u021bine de la operator, la cerere \u0219i \u00een mod gratuit:<\/p>\n<ol>\n<li>dup\u0103 caz, rectificarea, actualizarea, blocarea sau \u0219tergerea datelor a c\u0103ror prelucrare nu este conform\u0103 prezen\u021bei legi, \u00een special a datelor incomplete sau inexacte;<\/li>\n<li>dup\u0103 caz, transformarea \u00een date anonime a datelor a c\u0103ror prelucrare nu este conform\u0103 prezen\u021bei legi;<\/li>\n<li>notificarea c\u0103tre ter\u021b\u00eei c\u0103rora le-au fost dezv\u0103luite datele a oric\u0103rei opera\u021biuni efectuate conform lit. a) sau b), dac\u0103 aceast\u0103 notificare nu se dovede\u0219te imposibil\u0103 sau nu presupune un efort dispropor\u021bionat fa\u021b\u0103 de interesul legitim care ar putea fi lezat.<\/li>\n<\/ol>\n<p><strong>(2)<\/strong> Pentru exercitarea dreptului prev\u0103zut la alin. (1) persoan\u0103 vizat\u0103 va \u00eenainta operatorului o cerere \u00eentocmit\u0103 \u00een form\u0103 scris\u0103, datat\u0103 \u0219i semnat\u0103. \u00cen cerere solicitantul poate arat\u0103 dac\u0103 dore\u0219te c\u0103 informa\u021biile s\u0103 \u00eei fie comunicate la o anumit\u0103 adresa, care poate fi \u0219i de po\u0219t\u0103 electronic\u0103, sau printr-un serviciu de coresponden\u021b\u0103 care s\u0103 asigure c\u0103 predarea i se va face numai personal.<\/p>\n<p><strong>(3)<\/strong> Operatorul este obligat s\u0103 comunice m\u0103surile luate \u00een temeiul alin. (1), precum \u0219i, dac\u0103 este cazul, numele ter\u021bului c\u0103ruia i-au fost dezv\u0103luite datele cu caracter personal referitoare la persoan\u0103 vizat\u0103, \u00een termen de 15 zile de la dat\u0103 primirii cererii, cu respectarea eventualei op\u021biuni a solicitantului exprimate potrivit alin. (2).<\/p>\n<p><strong>Dreptul de opozi\u021bie<\/strong><\/p>\n<p><strong>(1)<\/strong> Persoana vizat\u0103 are dreptul de a se opune, \u00een orice moment, din motive \u00eentemeiate \u0219i legitime legate de situa\u021bia sa particular\u0103, ca date care o vizeaz\u0103 s\u0103 fac\u0103 obiectul unei prelucr\u0103ri, cu excep\u021bia cazurilor \u00een care exist\u0103 dispozi\u021b\u00eei legale contrare. \u00cen caz de opozi\u021bie justificat\u0103, prelucrarea nu mai poate viza datele \u00een cauz\u0103.<\/p>\n<p><strong>(2)<\/strong> Persoana vizat\u0103 are dreptul de a se opune \u00een orice moment, \u00een mod gratuit \u0219i f\u0103r\u0103 nicio justificare, ca datele care o vizeaz\u0103 s\u0103 fie prelucrate \u00een scop de marketing direct, \u00een numele operatorului sau al unui ter\u021b sau s\u0103 fie dezv\u0103luite unor ter\u021bi \u00eentr-un asemenea scop.<\/p>\n<p><strong>(3)<\/strong> \u00cen vederea exercit\u0103rii drepturilor prev\u0103zute la alin. (1) \u0219i (2) persoan\u0103 vizat\u0103 va \u00eenainta operatorului o cerere \u00eentocmit\u0103 \u00een form\u0103 scris\u0103, datat\u0103 \u0219i semnat\u0103. \u00cen cerere solicitantul poate arat\u0103 dac\u0103 dore\u0219te c\u0103 informa\u021biile s\u0103 \u00eei fie comunicate la o anumit\u0103 adresa, care poate fi \u0219i de po\u0219t\u0103 electronic\u0103, sau printr-un serviciu de coresponden\u021b\u0103 care s\u0103 asigure c\u0103 predarea i se va face numai personal.<\/p>\n<p><strong>(4)<\/strong> Operatorul este obligat s\u0103 comunice persoanei vizate m\u0103surile luate \u00een temeiul alin. (1) sau (2), precum \u0219i, dac\u0103 este cazul, numele ter\u021bului c\u0103ruia i-au fost dezv\u0103luite datele cu caracter personal referitoare la persoan\u0103 vizat\u0103, \u00een termen de 15 zile de la dat\u0103 primirii cererii, cu respectarea eventualei op\u021biuni a solicitantului exprimate potrivit alin. (3).<\/p>\n<p><strong>Dreptul de a nu fi supus unei decizii individuale<\/strong><\/p>\n<p><strong>(1)<\/strong> Orice persoan\u0103 are dreptul de a cere \u0219i de a ob\u021bine:<\/p>\n<ol>\n<li>retragerea sau anularea oric\u0103rei decizii care produce efecte juridice \u00een privin\u021ba sa, adoptat\u0103 exclusiv pe baza unei prelucr\u0103ri de date cu caracter personal, efectuat\u0103 prin mijloace automate, destinat\u0103 s\u0103 evalueze unele aspecte ale personalit\u0103\u021bii sale, precum competen\u021b\u0103 profesional\u0103, credibilitatea, comportamentul sau ori alte asemenea aspecte;<\/li>\n<li>reevaluarea oric\u0103rei alte decizii luate \u00een privin\u021ba sa, care o afecteaz\u0103 \u00een mod semnificativ, dac\u0103 decizia a fost adoptat\u0103 exclusiv pe baza unei prelucr\u0103ri de date care \u00eentrune\u0219te condi\u021biile prev\u0103zute la lit. a).<\/li>\n<\/ol>\n<p><strong>(2)<\/strong> Respect\u00e2ndu-se celelalte garan\u021bii prev\u0103zute de prezen\u021ba lege, o persoan\u0103 poate fi supus\u0103 unei decizii de natur\u0103 celei vizate la alin. (1), numai \u00een urm\u0103toarele situa\u021b\u00eei:<\/p>\n<ol>\n<li>decizia este luat\u0103 \u00een cadrul \u00eencheierii sau execut\u0103rii unui contract, cu condi\u021bia c\u0103 cererea de \u00eencheiere sau de executare a contractului, introdus\u0103 de persoan\u0103 vizat\u0103, s\u0103 fi fost satisf\u0103cut\u0103 sau c\u0103 unele m\u0103suri adecvate, precum posibilitatea de a-\u0219i sus\u021bine punctul de vedere, s\u0103 garanteze ap\u0103rarea propriului interes legitim;<\/li>\n<li>decizia este autorizat\u0103 de o lege care precizeaz\u0103 m\u0103surile ce garanteaz\u0103 ap\u0103rarea interesului legitim al persoanei vizate.<\/li>\n<\/ol>\n<p><strong>Dreptul la \u0219tergerea datelor<\/strong><\/p>\n<p><strong>(1)<\/strong> Persoana vizat\u0103 are dreptul de a ob\u021bine din partea operatorului \u0219tergerea datelor cu caracter personal care o privesc, f\u0103r\u0103 \u00eent\u00e2rzieri nejustificate, iar operatorul are obliga\u021bia de a \u0219terge datele cu caracter personal, f\u0103r\u0103 \u00eent\u00e2rzieri nejustificate, \u00een cazul \u00een care se aplic\u0103 unul dintre urm\u0103toarele motive:<\/p>\n<ol>\n<li>datele cu caracter personal nu mai sunt necesare pentru \u00eendeplinirea scopurilor pentru care au fost colectate sau prelucrate;<\/li>\n<li>persoana vizat\u0103 \u00ee\u0219i retrage consim\u021b\u0103m\u00e2ntul pe baza c\u0103ruia are loc prelucrarea \u0219i nu exist\u0103 niciun alt temei juridic pentru prelucrarea;<\/li>\n<li>persoana vizat\u0103 se opune prelucr\u0103rii \u0219i nu exist\u0103 motive legitime care s\u0103 prevaleze \u00een ceea ce prive\u0219te prelucrarea sa;<\/li>\n<li>datele cu caracter personal au fost prelucrate ilegal;<br \/>\ndatele cu caracter personal trebuie \u0219terse pentru respectarea unei obliga\u021bii legale care revine operatorului \u00een temeiul dreptului Uniunii sau al dreptului intern sub inciden\u021ba c\u0103ruia se afl\u0103 operatorul;<\/li>\n<li>datele cu caracter personal au fost colectate \u00een leg\u0103tur\u0103 cu oferirea de servicii ale societ\u0103\u021bii informa\u021bionale.<\/li>\n<\/ol>\n<p><strong>(2)<\/strong> \u00cen cazul \u00een care operatorul a f\u0103cut publice datele cu caracter personal \u0219i este obligat, \u00een temeiul alineatului (1), s\u0103 le \u0219tearg\u0103, operatorul, \u021b\u00een\u00e2nd seama de tehnologia disponibil\u0103 \u0219i de costul implement\u0103rii, ia m\u0103suri rezonabile, inclusiv m\u0103suri tehnice, pentru a informa operatorii care prelucreaz\u0103 datele cu caracter personal c\u0103 persoan\u0103 vizat\u0103 a solicitat \u0219tergerea de c\u0103tre ace\u0219ti operatori a oric\u0103ror linkuri c\u0103tre datele respective sau a oric\u0103ror copii sau reproduceri ale acestor date cu caracter personal.<\/p>\n<p><strong>Dreptul de a se adresa justi\u021biei<\/strong><\/p>\n<p><strong>(1)<\/strong> F\u0103r\u0103 a se aduce atingere posibilit\u0103\u021bii de a se adresa cu pl\u00e2ngere autorit\u0103\u021bii de supraveghere, persoanele vizate au dreptul de a se adresa justi\u021biei pentru ap\u0103rarea oric\u0103ror drepturi garantate de prezen\u021ba lege, care le-au fost \u00eenc\u0103lcate.<\/p>\n<p><strong>(2)<\/strong> Orice persoan\u0103 care a suferit un prejudiciu \u00een urm\u0103 unei prelucr\u0103ri de date cu caracter personal, efectuat\u0103 ilegal, se poate adresa instan\u021bei competen\u021be pentru repararea acestuia.<\/p>\n<p><strong>(3)<\/strong> Instan\u021ba competen\u021b\u0103 este cea \u00een a c\u0103rei raz\u0103 teritorial\u0103 domiciliaz\u0103 reclamantul. Cererea de chemare \u00een judecat\u0103 este scutit\u0103 de taxa de timbru.<\/p>\n<p>Pentru implementarea m\u0103surilor tehnice \u0219i organizatorice necesare pentru p\u0103strarea confiden\u021bialit\u0103\u021bii \u0219i integrit\u0103\u021bii datelor cu caracter personal, operatorul va respect\u0103 cerin\u021bele minime de securitate a prelucr\u0103rilor de date cu caracter personal elaborate de autoritatea de supraveghere potrivit stadiului tehnicii utilizate \u00een procesul de prelucrare \u0219i de costuri, astfel \u00eenc\u00e2t s\u0103 se asigure un nivel de securitate adecvat, \u00een ceea ce prive\u0219te riscurile pe care le reprezint\u0103 prelucrarea, precum \u0219i \u00een ceea ce prive\u0219te natura datelor care trebuie protejate.<br \/>\n\u00cen acest sens, cerin\u021bele minime de securitate a prelucr\u0103rilor de date cu caracter personal acoper\u0103 urm\u0103toarele aspecte:<\/p>\n<p><strong>Instruirea personalului<\/strong><\/p>\n<p>\u00cen cadrul cursurilor de preg\u0103tire a utilizatorilor operatorul este obligat s\u0103 fac\u0103 informarea\/instruirea acestora cu privire la urm\u0103toarele aspecte:<\/p>\n<ol>\n<li>prevederile Legii nr. 677\/2001 pentru protec\u021bia persoanelor cu privire la prelucrarea datelor cu caracter personal \u0219i liber\u0103 circula\u021bie a acestor date, la cerin\u021bele minime de securitate a prelucr\u0103rilor de date cu caracter personal;<\/li>\n<li>riscurile pe care le comport\u0103 prelucrarea datelor cu caracter personal, \u00een func\u021bie de specificul activit\u0103\u021bii utilizatorului.<\/li>\n<li>p\u0103strarea confiden\u021bialit\u0103\u021bii datelor cu caracter personal, sens \u00een care vor fi avertiza\u021bi prin mesaje care vor ap\u0103rea pe monitoare \u00een timpul activit\u0103\u021bii, utilizatorii av\u00e2nd totodat\u0103 \u0219i obliga\u021bia de a \u00eenchide sesiunea de lucru atunci c\u00e2nd p\u0103r\u0103sesc locul de munc\u0103.<\/li>\n<\/ol>\n<p><strong>Folosirea computerelor<\/strong><\/p>\n<p>Pentru men\u021binerea securit\u0103\u021bii prelucr\u0103rii datelor cu caracter personal (\u00een special \u00eempotriva viru\u0219ilor informatici) operatorul va lua urm\u0103toarele m\u0103suri:<\/p>\n<ol>\n<li>interzicerea folosirii de c\u0103tre utilizatori a programelor software care provin din surse externe sau dubioase;<\/li>\n<li>informarea utilizatorilor \u00een privin\u021ba pericolului privind viru\u0219ii informatici;<\/li>\n<li>implementarea unor sisteme automate de devirusare \u0219i de securitate a sistemelor informatice;<\/li>\n<li>dezactivarea, pe c\u00e2t posibil, a tastei \u201ePrin\u021b screen\u201d, atunci c\u00e2nd sunt afi\u0219ate pe monitor date cu caracter personal, interzic\u00e2ndu-se astfel scoaterea la imprimant\u0103 a acestora.<\/li>\n<\/ol>\n<p><strong>Contact<\/strong><\/p>\n<p>Pentru orice alte informa\u021bii referitoare la colectarea, arhivarea \u0219i protejarea datelor cu caracter personal, va rug\u0103m s\u0103 ne trimite\u021bi un e-mail la adresa <strong>contact@perfectbody.ro<\/strong><\/p>\n<p><strong>Actualizare<\/strong><\/p>\n<p>Aceste Condi\u021bii de Confiden\u021bialitate sunt actualizate de c\u00e2te ori este nevoie. V\u0103 rug\u0103m s\u0103 citi\u021bi periodic aceste condi\u021bii, pentru a fi la curent cu ce informa\u021bii colecteaz\u0103, folose\u0219te \u0219i transmite <strong>BELLE SILUETTE SRL<\/strong>.<\/p>\n<\/div>\n","protected":false},"excerpt":{"rendered":"<p>Scopul folosirii datelor personale de c\u0103tre\u00a0 BELLE SILUETTE SRL BELLE SILUETTE SRL colecteaz\u0103, \u00eenregistreaz\u0103, organizeaz\u0103, stocheaz\u0103 si utilizeaz\u0103 pentru a administra, men\u021bine, \u00eembun\u0103t\u0103\u021bi \u0219i ob\u021bine feedback<span class=\"excerpt-hellip\"> [\u2026]<\/span><\/p>\n","protected":false},"author":1,"featured_media":0,"parent":0,"menu_order":0,"comment_status":"closed","ping_status":"closed","template":"","meta":[],"_links":{"self":[{"href":"https:\/\/perfectbody.ro\/index.php\/wp-json\/wp\/v2\/pages\/165"}],"collection":[{"href":"https:\/\/perfectbody.ro\/index.php\/wp-json\/wp\/v2\/pages"}],"about":[{"href":"https:\/\/perfectbody.ro\/index.php\/wp-json\/wp\/v2\/types\/page"}],"author":[{"embeddable":true,"href":"https:\/\/perfectbody.ro\/index.php\/wp-json\/wp\/v2\/users\/1"}],"replies":[{"embeddable":true,"href":"https:\/\/perfectbody.ro\/index.php\/wp-json\/wp\/v2\/comments?post=165"}],"version-history":[{"count":1,"href":"https:\/\/perfectbody.ro\/index.php\/wp-json\/wp\/v2\/pages\/165\/revisions"}],"predecessor-version":[{"id":166,"href":"https:\/\/perfectbody.ro\/index.php\/wp-json\/wp\/v2\/pages\/165\/revisions\/166"}],"wp:attachment":[{"href":"https:\/\/perfectbody.ro\/index.php\/wp-json\/wp\/v2\/media?parent=165"}],"curies":[{"name":"wp","href":"https:\/\/api.w.org\/{rel}","templated":true}]}}