{"id":103,"date":"2020-06-04T16:58:54","date_gmt":"2020-06-04T16:58:54","guid":{"rendered":"http:\/\/perfectbody.ro\/?page_id=103"},"modified":"2025-02-08T06:58:28","modified_gmt":"2025-02-08T06:58:28","slug":"terapia-cu-vacuum","status":"publish","type":"page","link":"https:\/\/perfectbody.ro\/index.php\/terapia-cu-vacuum\/","title":{"rendered":"Lipozero (velashape)"},"content":{"rendered":"<p><strong>Vacuum-ul are foarte multe beneficii, atat terapeutice cat si efecte anti-celulita si de slabire.<\/strong><\/p>\n<p><strong>Descriere:<\/strong><\/p>\n<p>Lipozero este combinatia perfecta din punct de vedere al versatilitatii, poate fi utilizat atat pentru tratamente corporale, cat si pentru tratamente anti- aging. Cum functioneaza LipoZero? Lipozero este un sistem complex de ultima generatie pentru tratamente faciale \u0219i remodelare corporal\u0103, care combin\u0103 urm\u0103toarele tehnologii:<\/p>\n<p>+ Combina\u021bia sinergetic\u0103 RF|lipolaser \u2013 provoac\u0103 \u00eenc\u0103lzirea \u021besutului subcutanat, stimuleaz\u0103 produc\u021bia de colagen prin cre\u0219terea metabolismului celular, cre\u0219te fermitatea \u0219i reduce volumul<\/p>\n<p>+ Ultrasunete cavita\u021bionale \u2013 supra-presiunea cavita\u0163ional\u0103 rupe membranele celulare \u015fi cauzeaz\u0103 implozia celulelor adipoase<\/p>\n<p>+ Vacuumul endermologic \u2013 cre\u0219te\u00a0 circula\u021bia sanguin\u0103 \u0219i stimuleaz\u0103 drenajul limfatic, efectul find o eficientizare a tratamentului.<\/p>\n<p>&nbsp;<\/p>\n<p>Acest sistem este destinat profesionistilor*<\/p>\n<p><strong>Beneficii:<\/strong><\/p>\n<p>+ tehnologie avansata profesionala incorporata in LipoZero|include 5 technologii: radiofrecven\u021ba, cavita\u021bie cu ultrasunete, lipolaser, LED (ro\u0219u|albastru), vacuum |1 aplicator cu tehnologii combinate (radiofrecven\u021ba|cavita\u021bie| lipolaser|LED) + 3 aplicatoare dimensiuni diferite (vacuum|radiofrecven\u021ba|LED)|tratamente faciale \u0219i aplica\u021bii corporale<\/p>\n<p><img decoding=\"async\" src=\"https:\/\/www.estetica.store.ro\/imagini_utilizator\/image\/lipo.png\" alt=\"\" \/><\/p>\n<p>+ Usurinta in operare, instalare, utilizare, portabilitate<\/p>\n<p>+ sistemul poate fi folosit pentru tratamente corporale \u0219i pentru faciale<\/p>\n<p>+ v\u0103 permite s\u0103 ob\u021bine\u021bi rezultate spectaculoase de sl\u0103bire cu timpi de tratament redusi<\/p>\n<p>+ in func\u021bie de starea pacientului, tehnologiile individuale pot fi oprite sau aplicate individual<\/p>\n<p>+ dimensiune compact\u0103, u\u0219or de mi\u0219cat<\/p>\n<p>+ estetica moderna<\/p>\n<p>+ u\u0219or de utilizat, u\u0219or de reglat<\/p>\n<p>+ raport calitate|pret super competitiv<\/p>\n<p><strong>Descriere aplicatii:<\/strong><\/p>\n<p>\u2022 Radiofrecventa<\/p>\n<p><img decoding=\"async\" src=\"https:\/\/www.estetica.store.ro\/imagini_utilizator\/image\/radiofrecventa.jpg\" alt=\"\" \/><\/p>\n<p>Sistemul LIPOZERO\u2122 utilizeaz\u0103 o radiofrecven\u021b\u0103 de 0.8MHz<\/p>\n<p>&#8211; terapia cu radiofrecven\u021b\u0103 este un tratament estetic non-ablativ, ceea ce \u00eenseamn\u0103 c\u0103 ac\u021bioneaz\u0103 direct \u00een profunzimea pielii, f\u0103r\u0103 a afecta stratul de la suprafa\u021ba<\/p>\n<p>&#8211; activarea circula\u021biei sangvine \u0219i drenarea limfatic\u0103, intensificarea proceselor de regenerare ale pielii, producerea colagenului \u0219i a elastinei.<\/p>\n<p>&#8211; pielea cu riduri \u0219i lipsita de elasticitate devine mai neted\u0103, ferm\u0103, tonifiat\u0103, cu o structura \u00eembun\u0103t\u0103\u021bit\u0103.<\/p>\n<p>\u2022 Vacuum<\/p>\n<p><img decoding=\"async\" src=\"https:\/\/www.estetica.store.ro\/imagini_utilizator\/image\/vacuum.jpg\" alt=\"\" \/><\/p>\n<p>Sistemul LIPOZERO\u2122 lucreaz\u0103 cu vacuum de 318mmHg cu 4 moduri dinamice pulsate<\/p>\n<p>&#8211; terapia cu vacuum stimuleaz\u0103 mecanismele proprii ale corpului \u00een lupta cu celulita mai eficient dec\u00e2t oricare alt tratament<\/p>\n<p>&#8211; vacuumul trateaza \u021besutul conjunctiv cutanat \u0219i subcutanat, \u021bintind celulita \u0219i favoriz\u00e2nd eliminarea toxinelor<\/p>\n<p>&#8211; cre\u0219te activitatea fibrobla\u0219tilor, promoveaz\u0103 vasodilatarea \u0219i oxigeneaz\u0103<\/p>\n<p>&#8211; reduce reten\u021bia de ap\u0103 prin impulsionarea circula\u021biei limfatice \u0219i venoase<\/p>\n<p>\u2022 Lipolaser<\/p>\n<p><img decoding=\"async\" src=\"https:\/\/www.estetica.store.ro\/imagini_utilizator\/image\/lipolaser.jpg\" alt=\"\" \/><\/p>\n<p>Sistemul LIPOZERO\u2122 lucreaz\u0103 cu un laser de joas\u0103 frecven\u021b\u0103 de 650nm<\/p>\n<p>&#8211; tratamentul lipolaser este un procedeu de fotobioremodelare \u0219i este eficient \u00een reducerea gr\u0103simii localizate, a circumferin\u021bei \u0219i \u00een reducerea edemelor<\/p>\n<p>&#8211; iradierea \u021besutul adipos cu lipolaser, creeaz\u0103 pori de tranzi\u021bie \u00een adipocite \u0219i accelereaz\u0103 descompunerea trigliceridelor. Lipidele sunt localizate \u00een \u021besutul intersti\u021bial, de unde sunt procesate prin metabolismul natural<\/p>\n<p>\u2022 Cavitatia<\/p>\n<p><img decoding=\"async\" src=\"https:\/\/www.estetica.store.ro\/imagini_utilizator\/image\/cavitatie.jpg\" alt=\"\" \/><\/p>\n<p>&#8211; stimularea continu\u0103 cu supra-presiune cavita\u0163ional\u0103 rupe membranele celulare \u015fi cauzeaz\u0103 implozie celulelor adipoase<\/p>\n<p>&#8211; trigliceride se transform\u0103 din substan\u0163a solid\u0103, \u00een substan\u0163\u0103 lichid\u0103 (digliceride)<\/p>\n<p>&#8211; sunt absorbite de c\u0103tre sistemul limfatic \u015fi eliminate prin c\u0103ile urinare.<\/p>\n<p>\u2022 LED<\/p>\n<p><img decoding=\"async\" src=\"https:\/\/www.estetica.store.ro\/imagini_utilizator\/image\/LED.jpg\" alt=\"\" \/><\/p>\n<p>&#8211; LED albastru \u2013 elimin\u0103 bacteriile responsabile pentru acnee<\/p>\n<p>&#8211; LED ro\u0219u \u2013 stimuleaz\u0103 fibrobla\u0219tii \u0219i productia de colagen.<\/p>\n<p><img decoding=\"async\" src=\"https:\/\/www.estetica.store.ro\/imagini_utilizator\/image\/tehnologie%20integrata_insert_LipoZero_est111.jpg\" alt=\"\" \/><\/p>\n<p><strong>Caracteristici tehnice:<\/strong><\/p>\n<p>Alimentare: 110V~240V \/\/ 50\/60Hz<\/p>\n<p>Vacuum: 250mmHg<\/p>\n<p>Radiofrecventa : 0.8 mHZ<\/p>\n<p>Cavitatie: 35-45 KHZ<\/p>\n<p>Lipolaser: 650-660 nm<\/p>\n<p>LED albastru: 415 nm<\/p>\n<p>LED rosu: 620 nm<\/p>\n<p>Dimensiuni: 300 x 310 x 170 mm<\/p>\n<p>Greutate: 8.5 kg<\/p>\n<p>Provenienta: South Korea, EunSung Corp.<\/p>\n<p><strong>Atentionari:<\/strong><\/p>\n<p>A se evita utilizarea in cazurile: sarcina, pacienti cu cicatrici sau infectii in zona de tratament,pacienti cu leziuni cheloide.<\/p>\n<p>A se citi si respecta instructiunile de utilizare si intretinere. La sfarsitul duratei de viata predati la un centru de colectare autorizat.<\/p>\n","protected":false},"excerpt":{"rendered":"<p>Vacuum-ul are foarte multe beneficii, atat terapeutice cat si efecte anti-celulita si de slabire. Descriere: Lipozero este combinatia perfecta din punct de vedere al versatilitatii, poate<span class=\"excerpt-hellip\"> [\u2026]<\/span><\/p>\n","protected":false},"author":1,"featured_media":0,"parent":0,"menu_order":0,"comment_status":"closed","ping_status":"closed","template":"","meta":[],"_links":{"self":[{"href":"https:\/\/perfectbody.ro\/index.php\/wp-json\/wp\/v2\/pages\/103"}],"collection":[{"href":"https:\/\/perfectbody.ro\/index.php\/wp-json\/wp\/v2\/pages"}],"about":[{"href":"https:\/\/perfectbody.ro\/index.php\/wp-json\/wp\/v2\/types\/page"}],"author":[{"embeddable":true,"href":"https:\/\/perfectbody.ro\/index.php\/wp-json\/wp\/v2\/users\/1"}],"replies":[{"embeddable":true,"href":"https:\/\/perfectbody.ro\/index.php\/wp-json\/wp\/v2\/comments?post=103"}],"version-history":[{"count":3,"href":"https:\/\/perfectbody.ro\/index.php\/wp-json\/wp\/v2\/pages\/103\/revisions"}],"predecessor-version":[{"id":364,"href":"https:\/\/perfectbody.ro\/index.php\/wp-json\/wp\/v2\/pages\/103\/revisions\/364"}],"wp:attachment":[{"href":"https:\/\/perfectbody.ro\/index.php\/wp-json\/wp\/v2\/media?parent=103"}],"curies":[{"name":"wp","href":"https:\/\/api.w.org\/{rel}","templated":true}]}}